{"id":542,"date":"2022-03-02T21:58:28","date_gmt":"2022-03-02T20:58:28","guid":{"rendered":"https:\/\/assochemindesetoiles.com\/?page_id=542"},"modified":"2022-03-03T23:41:46","modified_gmt":"2022-03-03T22:41:46","slug":"des-langes-et-de-la-layette","status":"publish","type":"page","link":"https:\/\/assochemindesetoiles.com\/index.php\/des-langes-et-de-la-layette\/","title":{"rendered":"Des langes et de la layette"},"content":{"rendered":"\n<p>Lorsque l&rsquo;on perd un enfant au cours de la grossesse, nous n&rsquo;avons pas forc\u00e9ment eu le temps de penser \u00e0 commencer les achats\u2026 Dans cette p\u00e9riode dramatique o\u00f9 nous ne sommes plus en \u00e9tat de r\u00e9fl\u00e9chir, nous rendre dans un magasin de pu\u00e9riculture pour acheter une tenue ou une couverture peut aussi \u00eatre trop douloureux.. .<\/p>\n\n\n\n<p>C&rsquo;est la raison pour laquelle nous fournissons des couvertures, langes, nids d&rsquo;ange, layettes, bonnets aux maternit\u00e9s pour que les enfants n\u00e9s sans vie partent en toute dignit\u00e9\u2026<\/p>\n\n\n\n<p>Pour cela, nous faisons appel \u00e0 votre g\u00e9n\u00e9rosit\u00e9 pour r\u00e9cup\u00e9rer du tissu, des langes, des bodies, des pyjamas, chaussons, bonnets, doudous \u2026. taille naissance (pr\u00e9ma) et 1 mois<\/p>\n\n\n\n<p>Nous faisons appel \u00e0 vos talents, si certaines ont des doigts de f\u00e9es et pr\u00e9f\u00e8rent tricoter ou coudre elles-m\u00eames vous pouvez nous envoyer vos ouvrages, nous serions ravies de les fournir aux maternit\u00e9s. Nous recherchons en priorit\u00e9 des langes (carr\u00e9 de tissus pour emmailloter b\u00e9b\u00e9 70cm\/70cm)<\/p>\n\n\n\n<p>Vous trouverez ci-dessous des exemple de pour cr\u00e9er des langes , et des des nids d&rsquo;ange <\/p>\n\n\n\n<div data-wp-interactive=\"core\/file\" class=\"wp-block-file\"><object data-wp-bind--hidden=\"!state.hasPdfPreview\" hidden class=\"wp-block-file__embed\" data=\"https:\/\/assochemindesetoiles.com\/wp-content\/uploads\/2022\/03\/nid-d_ange-asso.pdf\" type=\"application\/pdf\" style=\"width:100%;height:600px\" aria-label=\"Contenu embarqu\u00e9 Contenu embarqu\u00e9 nid-d_ange-asso..\"><\/object><a id=\"wp-block-file--media-70912af5-ce12-4d44-84f5-10e591097bbc\" href=\"https:\/\/assochemindesetoiles.com\/wp-content\/uploads\/2022\/03\/nid-d_ange-asso.pdf\">nid-d_ange-asso<\/a><a href=\"https:\/\/assochemindesetoiles.com\/wp-content\/uploads\/2022\/03\/nid-d_ange-asso.pdf\" class=\"wp-block-file__button\" download aria-describedby=\"wp-block-file--media-70912af5-ce12-4d44-84f5-10e591097bbc\">T\u00e9l\u00e9charger<\/a><\/div>\n\n\n\n<figure class=\"wp-block-image\"><img decoding=\"async\" src=\"http:\/\/assochemindesetoiles.e-monsite.com\/medias\/images\/1939595-809653082382969-44327361-n-1.jpg\" alt=\"1939595 809653082382969 44327361 n 1\"\/><\/figure>\n\n\n\n<figure class=\"wp-block-image size-full\"><img fetchpriority=\"high\" decoding=\"async\" width=\"960\" height=\"720\" src=\"https:\/\/assochemindesetoiles.com\/wp-content\/uploads\/2022\/03\/15027526_1006496659460228_4380897602259521625_n.jpg\" alt=\"\" class=\"wp-image-543\" srcset=\"https:\/\/assochemindesetoiles.com\/wp-content\/uploads\/2022\/03\/15027526_1006496659460228_4380897602259521625_n.jpg 960w, https:\/\/assochemindesetoiles.com\/wp-content\/uploads\/2022\/03\/15027526_1006496659460228_4380897602259521625_n-300x225.jpg 300w, https:\/\/assochemindesetoiles.com\/wp-content\/uploads\/2022\/03\/15027526_1006496659460228_4380897602259521625_n-768x576.jpg 768w, https:\/\/assochemindesetoiles.com\/wp-content\/uploads\/2022\/03\/15027526_1006496659460228_4380897602259521625_n-360x270.jpg 360w\" sizes=\"(max-width: 960px) 100vw, 960px\" \/><\/figure>\n\n\n\n<figure class=\"wp-block-image size-full\"><img decoding=\"async\" width=\"720\" height=\"540\" src=\"https:\/\/assochemindesetoiles.com\/wp-content\/uploads\/2022\/03\/241670039_4023644621078735_5895170668024534085_n_002.jpg\" alt=\"\" class=\"wp-image-544\" srcset=\"https:\/\/assochemindesetoiles.com\/wp-content\/uploads\/2022\/03\/241670039_4023644621078735_5895170668024534085_n_002.jpg 720w, https:\/\/assochemindesetoiles.com\/wp-content\/uploads\/2022\/03\/241670039_4023644621078735_5895170668024534085_n_002-300x225.jpg 300w, https:\/\/assochemindesetoiles.com\/wp-content\/uploads\/2022\/03\/241670039_4023644621078735_5895170668024534085_n_002-360x270.jpg 360w\" sizes=\"(max-width: 720px) 100vw, 720px\" \/><\/figure>\n\n\n\n<figure class=\"wp-block-image size-full\"><img decoding=\"async\" width=\"720\" height=\"960\" src=\"https:\/\/assochemindesetoiles.com\/wp-content\/uploads\/2022\/03\/55517460_1913515908758294_5799280128294912000_n.jpg\" alt=\"\" class=\"wp-image-545\" srcset=\"https:\/\/assochemindesetoiles.com\/wp-content\/uploads\/2022\/03\/55517460_1913515908758294_5799280128294912000_n.jpg 720w, https:\/\/assochemindesetoiles.com\/wp-content\/uploads\/2022\/03\/55517460_1913515908758294_5799280128294912000_n-225x300.jpg 225w, https:\/\/assochemindesetoiles.com\/wp-content\/uploads\/2022\/03\/55517460_1913515908758294_5799280128294912000_n-203x270.jpg 203w\" sizes=\"(max-width: 720px) 100vw, 720px\" \/><\/figure>\n\n\n","protected":false},"excerpt":{"rendered":"<p>Lorsque l&rsquo;on perd un enfant au cours de la grossesse, nous n&rsquo;avons pas forc\u00e9ment eu le temps de penser \u00e0 commencer les achats\u2026 Dans cette p\u00e9riode dramatique o\u00f9 nous ne sommes plus en \u00e9tat de r\u00e9fl\u00e9chir, nous rendre dans un magasin de pu\u00e9riculture pour acheter une tenue ou une couverture peut aussi \u00eatre trop douloureux.. . C&rsquo;est la raison pour laquelle nous fournissons des couvertures, langes, nids d&rsquo;ange, layettes, bonnets aux maternit\u00e9s pour que les enfants n\u00e9s sans vie partent&#8230;<\/p>\n<p class=\"read-more\"><a class=\"btn btn-default\" href=\"https:\/\/assochemindesetoiles.com\/index.php\/des-langes-et-de-la-layette\/\">Lire la suite<span class=\"screen-reader-text\"> Lire la suite<\/span><\/a><\/p>\n","protected":false},"author":2,"featured_media":0,"parent":0,"menu_order":0,"comment_status":"closed","ping_status":"closed","template":"","meta":{"footnotes":""},"class_list":["post-542","page","type-page","status-publish","hentry"],"_links":{"self":[{"href":"https:\/\/assochemindesetoiles.com\/index.php\/wp-json\/wp\/v2\/pages\/542","targetHints":{"allow":["GET"]}}],"collection":[{"href":"https:\/\/assochemindesetoiles.com\/index.php\/wp-json\/wp\/v2\/pages"}],"about":[{"href":"https:\/\/assochemindesetoiles.com\/index.php\/wp-json\/wp\/v2\/types\/page"}],"author":[{"embeddable":true,"href":"https:\/\/assochemindesetoiles.com\/index.php\/wp-json\/wp\/v2\/users\/2"}],"replies":[{"embeddable":true,"href":"https:\/\/assochemindesetoiles.com\/index.php\/wp-json\/wp\/v2\/comments?post=542"}],"version-history":[{"count":3,"href":"https:\/\/assochemindesetoiles.com\/index.php\/wp-json\/wp\/v2\/pages\/542\/revisions"}],"predecessor-version":[{"id":554,"href":"https:\/\/assochemindesetoiles.com\/index.php\/wp-json\/wp\/v2\/pages\/542\/revisions\/554"}],"wp:attachment":[{"href":"https:\/\/assochemindesetoiles.com\/index.php\/wp-json\/wp\/v2\/media?parent=542"}],"curies":[{"name":"wp","href":"https:\/\/api.w.org\/{rel}","templated":true}]}}