{"id":507,"date":"2022-03-02T20:17:46","date_gmt":"2022-03-02T19:17:46","guid":{"rendered":"https:\/\/assochemindesetoiles.com\/?page_id=507"},"modified":"2023-10-02T12:11:56","modified_gmt":"2023-10-02T10:11:56","slug":"il-etait-une-fois-une-etoiles","status":"publish","type":"page","link":"https:\/\/assochemindesetoiles.com\/index.php\/il-etait-une-fois-une-etoiles\/","title":{"rendered":"IL \u00e9tait une fois une \u00e9toiles"},"content":{"rendered":"\n<p class=\"has-text-align-center has-vivid-cyan-blue-color has-text-color has-large-font-size\"><strong><mark style=\"background-color:rgba(0, 0, 0, 0)\" class=\"has-inline-color has-vivid-cyan-blue-color\">\u00ab\u00a0Il \u00e9tait une fois une \u00e9toiles\u00a0\u00bb<\/mark><\/strong><\/p>\n\n\n\n<p class=\"has-text-align-center has-luminous-vivid-orange-color has-text-color\"><strong><mark style=\"background-color:rgba(0, 0, 0, 0)\" class=\"has-inline-color has-vivid-cyan-blue-color\">Un livre ou chaque famille pourra \u00e9crire son histoire, son t\u00e9moignage<\/mark><\/strong><\/p>\n\n\n\n<p class=\"has-text-align-center has-luminous-vivid-orange-color has-text-color\"><strong><mark style=\"background-color:rgba(0, 0, 0, 0)\" class=\"has-inline-color has-vivid-cyan-blue-color\">Ce livre sera transmis \u00e0 une autre famille et ainsi de suite<\/mark><\/strong><\/p>\n\n\n\n<figure class=\"wp-block-image size-large\"><img fetchpriority=\"high\" decoding=\"async\" width=\"1024\" height=\"681\" src=\"https:\/\/assochemindesetoiles.com\/wp-content\/uploads\/2023\/10\/CARNET-DES-ETOILES-1024x681.jpg\" alt=\"\" class=\"wp-image-807\" srcset=\"https:\/\/assochemindesetoiles.com\/wp-content\/uploads\/2023\/10\/CARNET-DES-ETOILES-1024x681.jpg 1024w, https:\/\/assochemindesetoiles.com\/wp-content\/uploads\/2023\/10\/CARNET-DES-ETOILES-300x199.jpg 300w, https:\/\/assochemindesetoiles.com\/wp-content\/uploads\/2023\/10\/CARNET-DES-ETOILES-768x510.jpg 768w, https:\/\/assochemindesetoiles.com\/wp-content\/uploads\/2023\/10\/CARNET-DES-ETOILES-1536x1021.jpg 1536w, https:\/\/assochemindesetoiles.com\/wp-content\/uploads\/2023\/10\/CARNET-DES-ETOILES-406x270.jpg 406w, https:\/\/assochemindesetoiles.com\/wp-content\/uploads\/2023\/10\/CARNET-DES-ETOILES.jpg 2048w\" sizes=\"(max-width: 1024px) 100vw, 1024px\" \/><\/figure>\n\n\n\n<p class=\"has-text-align-center has-luminous-vivid-orange-color has-text-color\"><em><strong><mark style=\"background-color:rgba(0, 0, 0, 0)\" class=\"has-inline-color has-pale-pink-color\">A vos inscriptions : assochemindesetoiles@gmail.com<\/mark><\/strong><\/em><\/p>\n","protected":false},"excerpt":{"rendered":"<p>\u00ab\u00a0Il \u00e9tait une fois une \u00e9toiles\u00a0\u00bb Un livre ou chaque famille pourra \u00e9crire son histoire, son t\u00e9moignage Ce livre sera transmis \u00e0 une autre famille et ainsi de suite A vos inscriptions : assochemindesetoiles@gmail.com<\/p>\n","protected":false},"author":2,"featured_media":0,"parent":0,"menu_order":0,"comment_status":"closed","ping_status":"closed","template":"","meta":{"footnotes":""},"class_list":["post-507","page","type-page","status-publish","hentry"],"_links":{"self":[{"href":"https:\/\/assochemindesetoiles.com\/index.php\/wp-json\/wp\/v2\/pages\/507","targetHints":{"allow":["GET"]}}],"collection":[{"href":"https:\/\/assochemindesetoiles.com\/index.php\/wp-json\/wp\/v2\/pages"}],"about":[{"href":"https:\/\/assochemindesetoiles.com\/index.php\/wp-json\/wp\/v2\/types\/page"}],"author":[{"embeddable":true,"href":"https:\/\/assochemindesetoiles.com\/index.php\/wp-json\/wp\/v2\/users\/2"}],"replies":[{"embeddable":true,"href":"https:\/\/assochemindesetoiles.com\/index.php\/wp-json\/wp\/v2\/comments?post=507"}],"version-history":[{"count":4,"href":"https:\/\/assochemindesetoiles.com\/index.php\/wp-json\/wp\/v2\/pages\/507\/revisions"}],"predecessor-version":[{"id":811,"href":"https:\/\/assochemindesetoiles.com\/index.php\/wp-json\/wp\/v2\/pages\/507\/revisions\/811"}],"wp:attachment":[{"href":"https:\/\/assochemindesetoiles.com\/index.php\/wp-json\/wp\/v2\/media?parent=507"}],"curies":[{"name":"wp","href":"https:\/\/api.w.org\/{rel}","templated":true}]}}