{"id":468,"date":"2022-02-27T13:43:58","date_gmt":"2022-02-27T12:43:58","guid":{"rendered":"https:\/\/assochemindesetoiles.com\/?page_id=468"},"modified":"2022-02-27T16:38:15","modified_gmt":"2022-02-27T15:38:15","slug":"precieux-premiers-conseils-pour-les-parents-confrontes-au-deuil-perinatal","status":"publish","type":"page","link":"https:\/\/assochemindesetoiles.com\/index.php\/precieux-premiers-conseils-pour-les-parents-confrontes-au-deuil-perinatal\/","title":{"rendered":"Conseils Pr\u00e9cieux"},"content":{"rendered":"\n<p class=\"has-text-align-center has-vivid-red-color has-text-color has-medium-font-size\"> <strong> \u2729 \u2729\u2729 Pr\u00e9cieux premiers conseils pour les parents confront\u00e9s au deuil p\u00e9rinatal p\u00e9rinatal\u2729\u2729\u2729<\/strong><\/p>\n\n\n\n<p class=\"has-vivid-cyan-blue-color has-text-color has-medium-font-size\"><strong>Vous venez d\u2019apprendre que votre b\u00e9b\u00e9 est d\u00e9c\u00e9d\u00e9,<\/strong><\/p>\n\n\n\n<p>Voici quelques petits conseils qui pourraient vous aider \u00e0 traverser cette terrible \u00e9preuve.<\/p>\n\n\n\n<p>Nous sommes vraiment d\u00e9sol\u00e9s pour la perte de votre b\u00e9b\u00e9 et nous voulons que vous sachiez que vous n\u2019\u00eates pas seul(e)s.<\/p>\n\n\n\n<p class=\"has-pale-pink-color has-text-color has-medium-font-size\"><strong>Si vous accouchez d\u2019un enfant sans vie &#8230;<\/strong><\/p>\n\n\n\n<p>\u2729 Vous pouvez appeler un membre de votre famille ou un proche et lui demander de passer des appels afin d\u2019 informer votre entourage que votre b\u00e9b\u00e9 est d\u00e9c\u00e9d\u00e9. ( Un \u00a0\u00bb faire part\u00a0\u00bb d&rsquo;annonce est fourni dans nos pochettes maternit\u00e9s destin\u00e9s aux parents et t\u00e9l\u00e9chargeable sur notre site)<\/p>\n\n\n\n<p>\u2729 Vous pouvez lui pr\u00e9parer un doudou, des habits, ou si cela est trop difficile la maternit\u00e9 peut vous en fournir ( Nous fournissons plusieurs maternit\u00e9s en nids d&rsquo;anges, couvertures faites main par nos b\u00e9n\u00e9voles)<\/p>\n\n\n\n<p>\u2729 Vous pouvez demander une chambre isol\u00e9 afin d\u2019 \u00eatre au calme,<\/p>\n\n\n\n<p>\u2729 Vous pouvez demander aux sages femmes de vous expliquer \u00e0 quoi vous attendre et de vous faire une description de l\u2019apparence physique de votre b\u00e9b\u00e9 d\u00e9c\u00e9d\u00e9 apr\u00e8s sa naissance. De cette mani\u00e8re vous vous pr\u00e9parerez \u00e0 rencontrer votre enfant de mani\u00e8re plus sereine si vous choisissez de le voir.<\/p>\n\n\n\n<p class=\"has-pale-pink-color has-text-color has-medium-font-size\"><strong>Apr\u00e8s la naissance de votre b\u00e9b\u00e9, vous avez le droit de&#8230;<\/strong><\/p>\n\n\n\n<p>\u2729 Passer beaucoup de temps avec lui,<\/p>\n\n\n\n<p> \u2729 donner un pr\u00e9nom \u00e0 votre b\u00e9b\u00e9,<\/p>\n\n\n\n<p>\u2729 Faire du peau \u00e0 peau avec lui,  le prendre dans vos bras, le bercer, l\u2019embrasser, lui faire des c\u00e2lins.<\/p>\n\n\n\n<p>\u2729 Vous avez le droit de prendre des photos de votre b\u00e9b\u00e9, la rencontre avec votre enfant sera un moment pr\u00e9cieux et vous pouvez faire des photos vous-m\u00eame, demander \u00e0 une sage-femme de les faire. ( nous fournissons appareil photos et imprimantes si besoin aux maternit\u00e9s qui le souhaitent)<\/p>\n\n\n\n<p>\u2729 Lui donner un bain, l\u2019habiller, demander \u00e0 l\u2019\u00e9quipe de pr\u00e9lever une m\u00e8che de cheveux, lui chanter une chanson et toutes autres activit\u00e9s qui pourrait vous tenir \u00e0 c\u0153ur. <strong>Vous devez penser \u00e0 vous et votre enfant et laisser de c\u00f4t\u00e9 ce que pourrait penser l\u2019entourage qui n\u2019est pas dans votre situation.<\/strong><\/p>\n\n\n\n<p><strong> \u2729  <\/strong>retourner le voir<\/p>\n\n\n\n<p class=\"has-pale-pink-color has-text-color has-medium-font-size\"><strong>Apr\u00e8s votre d\u00e9part de la maternit\u00e9, vous pouvez et avez le droit\u2026<\/strong> <\/p>\n\n\n\n<p class=\"has-black-color has-text-color\"><strong>\u2729<\/strong> De demander \u00e0 arr\u00eater les mont\u00e9es de lait  (prescription m\u00e9dicale)<\/p>\n\n\n\n<p class=\"has-black-color has-text-color\"><strong>\u2729<\/strong> D\u2019inscrire votre b\u00e9b\u00e9 sur un livret de famille gr\u00e2ce au certificat d\u2019accouchement d\u00e9livr\u00e9 par la maternit\u00e9 (suivant le terme).<\/p>\n\n\n\n<p class=\"has-black-color has-text-color\"> <strong>\u2729<\/strong> De planifier les obs\u00e8ques de votre b\u00e9b\u00e9 ( n\u2019h\u00e9sitez pas en parler \u00e0 l\u2019assistante sociale de la maternit\u00e9  afin d&rsquo;en savoir plus sur les d\u00e9marches, sur vos droits et les possibles aides financi\u00e8res)<\/p>\n\n\n\n<p class=\"has-black-color has-text-color\"><strong>\u2729<\/strong> D&rsquo;envoyer  des \u00ab\u00a0faire-parts\u00a0\u00bb pour annoncer la perte de votre b\u00e9b\u00e9  ( en effet, il peut \u00eatre plus simple d&rsquo;envoyer une petite carte aux proches pour leur annoncer) Nous mettons \u00e0 dispositions 2 \u00ab\u00a0faire- parts\u00a0\u00bb dans nos pochettes \u00e0 destination des maternit\u00e9s et nous mettons \u00e9galement ces faire- parts en libre t\u00e9l\u00e9chargement sur notre site)<\/p>\n\n\n\n<p class=\"has-black-color has-text-color\"> <strong>\u2729<\/strong> Demander ou pr\u00e9voir que quelqu\u2019un vous livre des repas \u00e0 domicile,<\/p>\n\n\n\n<p class=\"has-black-color has-text-color\"><strong>\u2729<\/strong> De revenir \u00e0 la maternit\u00e9 pour rencontrer un th\u00e9rapeute, ou de demander les coordonn\u00e9es de th\u00e9rapeute. Les sentiments que vous allez ressentir sont normaux. Vous pouvez-vous sentir en d\u00e9calage dans votre couple il ne faut pas h\u00e9siter \u00e0 communiquer et \u00e0 demander de l\u2019aide. <\/p>\n\n\n\n<p class=\"has-black-color has-text-color\"><strong>\u2729<\/strong> De rechercher du soutien en ligne aupr\u00e8s d\u2019Associations de soutien face au deuil p\u00e9rinatal.<\/p>\n\n\n\n<p class=\"has-pale-pink-color has-text-color has-medium-font-size\"> <strong>Votre b\u00e9b\u00e9 va na\u00eetre vivant mais vous savez qu\u2019il ne vivra pas longtemps vous pouvez<\/strong>\u2026 <\/p>\n\n\n\n<p class=\"has-black-color has-text-color\"><strong>\u2729<\/strong> Demander au sages femmes de vous expliquer \u00e0 quoi vous attendre afin de vous pr\u00e9parer \u00e0 rencontrer votre b\u00e9b\u00e9 de mani\u00e8re plus sereine et \u00e0 l\u2019accompagner comme vous le souhaitez.<\/p>\n\n\n\n<p class=\"has-black-color has-text-color\"><strong>\u2729<\/strong> Demander \u00e0 garder votre b\u00e9b\u00e9 dans vos bras, lui chanter une berceuse,  lui parler, jouer de la musique, lui offrir son doudou et toutes autres activit\u00e9s qui pourrait vous tenir \u00e0 c\u0153ur.<\/p>\n\n\n\n<p class=\"has-text-align-center has-vivid-cyan-blue-color has-text-color has-medium-font-size\"><strong>\u2729\u2729\u2729 Vous devez penser \u00e0 vous et votre enfant et laisser de c\u00f4t\u00e9 ce que pourrait penser l\u2019entourage qui n\u2019est pas dans votre situation <\/strong><\/p>\n\n\n\n<p class=\"has-text-align-center has-vivid-red-color has-text-color has-medium-font-size\"><strong>Vous serez toujours la maman et le papa de votre b\u00e9b\u00e9 mais m\u00eame s\u2019il n\u2019est plus l\u00e0 \u2729\u2729\u2729<\/strong><\/p>\n\n\n\n<p><\/p>\n","protected":false},"excerpt":{"rendered":"<p>\u2729 \u2729\u2729 Pr\u00e9cieux premiers conseils pour les parents confront\u00e9s au deuil p\u00e9rinatal p\u00e9rinatal\u2729\u2729\u2729 Vous venez d\u2019apprendre que votre b\u00e9b\u00e9 est d\u00e9c\u00e9d\u00e9, Voici quelques petits conseils qui pourraient vous aider \u00e0 traverser cette terrible \u00e9preuve. Nous sommes vraiment d\u00e9sol\u00e9s pour la perte de votre b\u00e9b\u00e9 et nous voulons que vous sachiez que vous n\u2019\u00eates pas seul(e)s. Si vous accouchez d\u2019un enfant sans vie &#8230; \u2729 Vous pouvez appeler un membre de votre famille ou un proche et lui demander de passer&#8230;<\/p>\n<p class=\"read-more\"><a class=\"btn btn-default\" href=\"https:\/\/assochemindesetoiles.com\/index.php\/precieux-premiers-conseils-pour-les-parents-confrontes-au-deuil-perinatal\/\">Lire la suite<span class=\"screen-reader-text\"> Lire la suite<\/span><\/a><\/p>\n","protected":false},"author":2,"featured_media":0,"parent":0,"menu_order":0,"comment_status":"closed","ping_status":"closed","template":"","meta":{"footnotes":""},"class_list":["post-468","page","type-page","status-publish","hentry"],"_links":{"self":[{"href":"https:\/\/assochemindesetoiles.com\/index.php\/wp-json\/wp\/v2\/pages\/468","targetHints":{"allow":["GET"]}}],"collection":[{"href":"https:\/\/assochemindesetoiles.com\/index.php\/wp-json\/wp\/v2\/pages"}],"about":[{"href":"https:\/\/assochemindesetoiles.com\/index.php\/wp-json\/wp\/v2\/types\/page"}],"author":[{"embeddable":true,"href":"https:\/\/assochemindesetoiles.com\/index.php\/wp-json\/wp\/v2\/users\/2"}],"replies":[{"embeddable":true,"href":"https:\/\/assochemindesetoiles.com\/index.php\/wp-json\/wp\/v2\/comments?post=468"}],"version-history":[{"count":3,"href":"https:\/\/assochemindesetoiles.com\/index.php\/wp-json\/wp\/v2\/pages\/468\/revisions"}],"predecessor-version":[{"id":473,"href":"https:\/\/assochemindesetoiles.com\/index.php\/wp-json\/wp\/v2\/pages\/468\/revisions\/473"}],"wp:attachment":[{"href":"https:\/\/assochemindesetoiles.com\/index.php\/wp-json\/wp\/v2\/media?parent=468"}],"curies":[{"name":"wp","href":"https:\/\/api.w.org\/{rel}","templated":true}]}}